{"id":100,"date":"2021-12-08T03:24:45","date_gmt":"2021-12-08T02:24:45","guid":{"rendered":"https:\/\/www.emdr-therapie.fr\/?page_id=100"},"modified":"2021-12-30T16:58:16","modified_gmt":"2021-12-30T15:58:16","slug":"psychologie","status":"publish","type":"page","link":"https:\/\/www.emdr-therapie.fr\/index.php\/psychologie\/","title":{"rendered":"Psychologie"},"content":{"rendered":"\t\t<div data-elementor-type=\"wp-page\" data-elementor-id=\"100\" class=\"elementor elementor-100\" data-elementor-post-type=\"page\">\n\t\t\t\t\t\t<section class=\"elementor-section elementor-top-section elementor-element elementor-element-d95da96 elementor-section-boxed elementor-section-height-default elementor-section-height-default\" data-id=\"d95da96\" data-element_type=\"section\">\n\t\t\t\t\t\t<div class=\"elementor-container elementor-column-gap-default\">\n\t\t\t\t\t<div class=\"elementor-column elementor-col-50 elementor-top-column elementor-element elementor-element-23dcb05\" data-id=\"23dcb05\" data-element_type=\"column\">\n\t\t\t<div class=\"elementor-widget-wrap elementor-element-populated\">\n\t\t\t\t\t\t<div class=\"elementor-element elementor-element-a556f9c elementor-widget elementor-widget-heading\" data-id=\"a556f9c\" data-element_type=\"widget\" data-widget_type=\"heading.default\">\n\t\t\t\t<div class=\"elementor-widget-container\">\n\t\t\t\t\t<h2 class=\"elementor-heading-title elementor-size-default\">Psychologie<\/h2>\t\t\t\t<\/div>\n\t\t\t\t<\/div>\n\t\t\t\t\t<\/div>\n\t\t<\/div>\n\t\t\t\t<div class=\"elementor-column elementor-col-50 elementor-top-column elementor-element elementor-element-641c6f3\" data-id=\"641c6f3\" data-element_type=\"column\">\n\t\t\t<div class=\"elementor-widget-wrap elementor-element-populated\">\n\t\t\t\t\t\t<div class=\"elementor-element elementor-element-e88f7a5 elementor-widget elementor-widget-image\" data-id=\"e88f7a5\" data-element_type=\"widget\" data-widget_type=\"image.default\">\n\t\t\t\t<div class=\"elementor-widget-container\">\n\t\t\t\t\t\t\t\t\t\t\t\t\t\t\t<img decoding=\"async\" src=\"https:\/\/www.emdr-therapie.fr\/wp-content\/uploads\/2021\/12\/Groupe-106.png\" title=\"Groupe 106\" alt=\"Groupe 106\" loading=\"lazy\" \/>\t\t\t\t\t\t\t\t\t\t\t\t\t\t\t<\/div>\n\t\t\t\t<\/div>\n\t\t\t\t\t<\/div>\n\t\t<\/div>\n\t\t\t\t\t<\/div>\n\t\t<\/section>\n\t\t\t\t<section class=\"elementor-section elementor-top-section elementor-element elementor-element-e9a25ee elementor-section-boxed elementor-section-height-default elementor-section-height-default\" data-id=\"e9a25ee\" data-element_type=\"section\">\n\t\t\t\t\t\t<div class=\"elementor-container elementor-column-gap-default\">\n\t\t\t\t\t<div class=\"elementor-column elementor-col-50 elementor-top-column elementor-element elementor-element-7e90c2a\" data-id=\"7e90c2a\" data-element_type=\"column\">\n\t\t\t<div class=\"elementor-widget-wrap elementor-element-populated\">\n\t\t\t\t\t\t<div class=\"elementor-element elementor-element-273cb66 elementor-widget-divider--view-line elementor-widget elementor-widget-divider\" data-id=\"273cb66\" data-element_type=\"widget\" data-widget_type=\"divider.default\">\n\t\t\t\t<div class=\"elementor-widget-container\">\n\t\t\t\t\t\t\t<div class=\"elementor-divider\">\n\t\t\t<span class=\"elementor-divider-separator\">\n\t\t\t\t\t\t<\/span>\n\t\t<\/div>\n\t\t\t\t\t\t<\/div>\n\t\t\t\t<\/div>\n\t\t\t\t<div class=\"elementor-element elementor-element-a5cc95b elementor-widget elementor-widget-text-editor\" data-id=\"a5cc95b\" data-element_type=\"widget\" data-widget_type=\"text-editor.default\">\n\t\t\t\t<div class=\"elementor-widget-container\">\n\t\t\t\t\t\t\t\t\t<p>Un jour ou aujourd\u2019hui ? A vous de d\u00e9cider !<\/p><p>Comme l\u2019a si joliment dit Duke Ellington \u00ab toute difficult\u00e9 offre une chance de se surpasser ! \u00bb<\/p><p>Lorsqu\u2019il y a un \u00e9cart entre notre id\u00e9al de vie et sa r\u00e9alit\u00e9,\u00a0<span style=\"color: var( --e-global-color-text ); font-family: var( --e-global-typography-text-font-family ), Sans-serif; font-weight: var( --e-global-typography-text-font-weight ); font-size: 1rem;\">rencontrer un professionnel de l\u2019accompagnement permet d\u2019ouvrir\u00a0<\/span><span style=\"color: var( --e-global-color-text ); font-family: var( --e-global-typography-text-font-family ), Sans-serif; font-weight: var( --e-global-typography-text-font-weight ); font-size: 1rem;\">son horizon, de renouer avec sa capacit\u00e9 \u00e0 agir et de faire des choix\u00a0<\/span><span style=\"color: var( --e-global-color-text ); font-family: var( --e-global-typography-text-font-family ), Sans-serif; font-weight: var( --e-global-typography-text-font-weight ); font-size: 1rem;\">qui ont du sens !<\/span><\/p><p><span style=\"color: var( --e-global-color-text ); font-family: var( --e-global-typography-text-font-family ), Sans-serif; font-weight: var( --e-global-typography-text-font-weight ); font-size: 1rem;\">Nous avons tous en nous des ressorts insoup\u00e7onn\u00e9s, des forces particuli\u00e8res, des sources de cr\u00e9ativit\u00e9,\u00a0 que le quotidien ob\u00e8rent parfois \u2013 Prendre un temps pour soi, dans un lieu singulier en toute confidentialit\u00e9 est une opportunit\u00e9 de retrouver ces ressources cach\u00e9es\u00a0<\/span><span style=\"color: var( --e-global-color-text ); font-family: var( --e-global-typography-text-font-family ), Sans-serif; font-weight: var( --e-global-typography-text-font-weight ); font-size: 1rem;\">et son chemin de vie.<\/span><\/p>\t\t\t\t\t\t\t\t<\/div>\n\t\t\t\t<\/div>\n\t\t\t\t<div class=\"elementor-element elementor-element-9c26e62 elementor-widget-divider--view-line elementor-widget elementor-widget-divider\" data-id=\"9c26e62\" data-element_type=\"widget\" data-widget_type=\"divider.default\">\n\t\t\t\t<div class=\"elementor-widget-container\">\n\t\t\t\t\t\t\t<div class=\"elementor-divider\">\n\t\t\t<span class=\"elementor-divider-separator\">\n\t\t\t\t\t\t<\/span>\n\t\t<\/div>\n\t\t\t\t\t\t<\/div>\n\t\t\t\t<\/div>\n\t\t\t\t\t<\/div>\n\t\t<\/div>\n\t\t\t\t<div class=\"elementor-column elementor-col-50 elementor-top-column elementor-element elementor-element-064b612\" data-id=\"064b612\" data-element_type=\"column\" data-settings=\"{&quot;background_background&quot;:&quot;classic&quot;}\">\n\t\t\t<div class=\"elementor-widget-wrap elementor-element-populated\">\n\t\t\t\t\t\t<div class=\"elementor-element elementor-element-53dd57e elementor-widget elementor-widget-image\" data-id=\"53dd57e\" data-element_type=\"widget\" data-widget_type=\"image.default\">\n\t\t\t\t<div class=\"elementor-widget-container\">\n\t\t\t\t\t\t\t\t\t\t\t\t\t\t\t<img fetchpriority=\"high\" decoding=\"async\" width=\"989\" height=\"694\" src=\"https:\/\/www.emdr-therapie.fr\/wp-content\/uploads\/2021\/12\/Groupe-117-1.png\" class=\"attachment-full size-full wp-image-428\" alt=\"\" srcset=\"https:\/\/www.emdr-therapie.fr\/wp-content\/uploads\/2021\/12\/Groupe-117-1.png 989w, https:\/\/www.emdr-therapie.fr\/wp-content\/uploads\/2021\/12\/Groupe-117-1-300x211.png 300w, https:\/\/www.emdr-therapie.fr\/wp-content\/uploads\/2021\/12\/Groupe-117-1-768x539.png 768w\" sizes=\"(max-width: 989px) 100vw, 989px\" \/>\t\t\t\t\t\t\t\t\t\t\t\t\t\t\t<\/div>\n\t\t\t\t<\/div>\n\t\t\t\t\t<\/div>\n\t\t<\/div>\n\t\t\t\t\t<\/div>\n\t\t<\/section>\n\t\t\t\t<section class=\"elementor-section elementor-top-section elementor-element elementor-element-93da110 elementor-section-boxed elementor-section-height-default elementor-section-height-default\" data-id=\"93da110\" data-element_type=\"section\" data-settings=\"{&quot;background_background&quot;:&quot;classic&quot;}\">\n\t\t\t\t\t\t<div class=\"elementor-container elementor-column-gap-default\">\n\t\t\t\t\t<div class=\"elementor-column elementor-col-100 elementor-top-column elementor-element elementor-element-5c6b4a2\" data-id=\"5c6b4a2\" data-element_type=\"column\">\n\t\t\t<div class=\"elementor-widget-wrap elementor-element-populated\">\n\t\t\t\t\t\t<div class=\"elementor-element elementor-element-c68fd61 elementor-widget elementor-widget-heading\" data-id=\"c68fd61\" data-element_type=\"widget\" data-widget_type=\"heading.default\">\n\t\t\t\t<div class=\"elementor-widget-container\">\n\t\t\t\t\t<h2 class=\"elementor-heading-title elementor-size-default\">Ce qu'il faut retenir<\/h2>\t\t\t\t<\/div>\n\t\t\t\t<\/div>\n\t\t\t\t\t<\/div>\n\t\t<\/div>\n\t\t\t\t\t<\/div>\n\t\t<\/section>\n\t\t\t\t<section class=\"elementor-section elementor-top-section elementor-element elementor-element-9a13a2d elementor-section-boxed elementor-section-height-default elementor-section-height-default\" data-id=\"9a13a2d\" data-element_type=\"section\" data-settings=\"{&quot;background_background&quot;:&quot;classic&quot;}\">\n\t\t\t\t\t\t<div class=\"elementor-container elementor-column-gap-default\">\n\t\t\t\t\t<div class=\"elementor-column elementor-col-16 elementor-top-column elementor-element elementor-element-ea6eda8\" data-id=\"ea6eda8\" data-element_type=\"column\">\n\t\t\t<div class=\"elementor-widget-wrap elementor-element-populated\">\n\t\t\t\t\t\t<div class=\"elementor-element elementor-element-e58af49 elementor-widget elementor-widget-image\" data-id=\"e58af49\" data-element_type=\"widget\" data-widget_type=\"image.default\">\n\t\t\t\t<div class=\"elementor-widget-container\">\n\t\t\t\t\t\t\t\t\t\t\t\t\t\t\t<img decoding=\"async\" width=\"29\" height=\"31\" src=\"https:\/\/www.emdr-therapie.fr\/wp-content\/uploads\/2021\/12\/Groupe-67.png\" class=\"attachment-large size-large wp-image-67\" alt=\"\" \/>\t\t\t\t\t\t\t\t\t\t\t\t\t\t\t<\/div>\n\t\t\t\t<\/div>\n\t\t\t\t\t<\/div>\n\t\t<\/div>\n\t\t\t\t<div class=\"elementor-column elementor-col-16 elementor-top-column elementor-element elementor-element-8bc1120\" data-id=\"8bc1120\" data-element_type=\"column\">\n\t\t\t<div class=\"elementor-widget-wrap elementor-element-populated\">\n\t\t\t\t\t\t<div class=\"elementor-element elementor-element-08157f2 elementor-widget elementor-widget-text-editor\" data-id=\"08157f2\" data-element_type=\"widget\" data-widget_type=\"text-editor.default\">\n\t\t\t\t<div class=\"elementor-widget-container\">\n\t\t\t\t\t\t\t\t\t<p>Le psychologue n\u2019est pas un magicien ! Votre engagement sera d\u00e9terminant.<\/p><p>\u00a0N&rsquo;h\u00e9sitez pas \u00e0 me contacter\u00a0<a href=\"https:\/\/www.emdr-therapie.fr\/index.php\/contact\/\" target=\"_blank\" rel=\"noopener\">ICI<\/a>.<\/p>\t\t\t\t\t\t\t\t<\/div>\n\t\t\t\t<\/div>\n\t\t\t\t\t<\/div>\n\t\t<\/div>\n\t\t\t\t<div class=\"elementor-column elementor-col-16 elementor-top-column elementor-element elementor-element-058a36f\" data-id=\"058a36f\" data-element_type=\"column\">\n\t\t\t<div class=\"elementor-widget-wrap elementor-element-populated\">\n\t\t\t\t\t\t<div class=\"elementor-element elementor-element-285ab89 elementor-widget elementor-widget-image\" data-id=\"285ab89\" data-element_type=\"widget\" data-widget_type=\"image.default\">\n\t\t\t\t<div class=\"elementor-widget-container\">\n\t\t\t\t\t\t\t\t\t\t\t\t\t\t\t<img decoding=\"async\" width=\"25\" height=\"26\" src=\"https:\/\/www.emdr-therapie.fr\/wp-content\/uploads\/2021\/12\/Groupe-51.png\" class=\"attachment-large size-large wp-image-112\" alt=\"\" \/>\t\t\t\t\t\t\t\t\t\t\t\t\t\t\t<\/div>\n\t\t\t\t<\/div>\n\t\t\t\t\t<\/div>\n\t\t<\/div>\n\t\t\t\t<div class=\"elementor-column elementor-col-16 elementor-top-column elementor-element elementor-element-cffb9db\" data-id=\"cffb9db\" data-element_type=\"column\">\n\t\t\t<div class=\"elementor-widget-wrap elementor-element-populated\">\n\t\t\t\t\t\t<div class=\"elementor-element elementor-element-4c6b7b0 elementor-widget elementor-widget-text-editor\" data-id=\"4c6b7b0\" data-element_type=\"widget\" data-widget_type=\"text-editor.default\">\n\t\t\t\t<div class=\"elementor-widget-container\">\n\t\t\t\t\t\t\t\t\t<p>Une 1\u00e8re s\u00e9ance exploratoire permet de comprendre votre demande, r\u00e9pondre \u00e0 vos questions, de vous pr\u00e9senter mon approche et le d\u00e9roul\u00e9 du travail que nous pourrons engager ensemble.<\/p>\t\t\t\t\t\t\t\t<\/div>\n\t\t\t\t<\/div>\n\t\t\t\t\t<\/div>\n\t\t<\/div>\n\t\t\t\t<div class=\"elementor-column elementor-col-16 elementor-top-column elementor-element elementor-element-5e39a5e\" data-id=\"5e39a5e\" data-element_type=\"column\">\n\t\t\t<div class=\"elementor-widget-wrap elementor-element-populated\">\n\t\t\t\t\t\t<div class=\"elementor-element elementor-element-2ee9d86 elementor-widget elementor-widget-image\" data-id=\"2ee9d86\" data-element_type=\"widget\" data-widget_type=\"image.default\">\n\t\t\t\t<div class=\"elementor-widget-container\">\n\t\t\t\t\t\t\t\t\t\t\t\t\t\t\t<img loading=\"lazy\" decoding=\"async\" width=\"25\" height=\"25\" src=\"https:\/\/www.emdr-therapie.fr\/wp-content\/uploads\/2021\/12\/Groupe-52.png\" class=\"attachment-large size-large wp-image-113\" alt=\"\" \/>\t\t\t\t\t\t\t\t\t\t\t\t\t\t\t<\/div>\n\t\t\t\t<\/div>\n\t\t\t\t\t<\/div>\n\t\t<\/div>\n\t\t\t\t<div class=\"elementor-column elementor-col-16 elementor-top-column elementor-element elementor-element-dbbb5f3\" data-id=\"dbbb5f3\" data-element_type=\"column\">\n\t\t\t<div class=\"elementor-widget-wrap elementor-element-populated\">\n\t\t\t\t\t\t<div class=\"elementor-element elementor-element-e3b6114 elementor-widget elementor-widget-text-editor\" data-id=\"e3b6114\" data-element_type=\"widget\" data-widget_type=\"text-editor.default\">\n\t\t\t\t<div class=\"elementor-widget-container\">\n\t\t\t\t\t\t\t\t\t<p>Les s\u00e9ances, de 45 minutes \u00e0 1h, doivent \u00eatre r\u00e9guli\u00e8res (1fois\/semaine&nbsp;<span style=\"font-size: 16px;\">\u2013<\/span>&nbsp;1 fois\/15 jours), la continuit\u00e9 de l&rsquo;engagement \u00e9tant essentielle.<\/p>\t\t\t\t\t\t\t\t<\/div>\n\t\t\t\t<\/div>\n\t\t\t\t\t<\/div>\n\t\t<\/div>\n\t\t\t\t\t<\/div>\n\t\t<\/section>\n\t\t\t\t<\/div>\n\t\t","protected":false},"excerpt":{"rendered":"<p>Psychologie Un jour ou aujourd\u2019hui ? A vous de d\u00e9cider ! Comme l\u2019a si joliment dit Duke Ellington \u00ab toute difficult\u00e9 offre une chance de se surpasser ! \u00bb Lorsqu\u2019il y a un \u00e9cart entre notre id\u00e9al de vie et sa r\u00e9alit\u00e9,\u00a0rencontrer un professionnel de l\u2019accompagnement permet d\u2019ouvrir\u00a0son horizon, de renouer avec sa capacit\u00e9 \u00e0 [&hellip;]<\/p>\n","protected":false},"author":4,"featured_media":0,"parent":0,"menu_order":0,"comment_status":"closed","ping_status":"closed","template":"","meta":{"footnotes":""},"class_list":["post-100","page","type-page","status-publish","hentry"],"_links":{"self":[{"href":"https:\/\/www.emdr-therapie.fr\/index.php\/wp-json\/wp\/v2\/pages\/100","targetHints":{"allow":["GET"]}}],"collection":[{"href":"https:\/\/www.emdr-therapie.fr\/index.php\/wp-json\/wp\/v2\/pages"}],"about":[{"href":"https:\/\/www.emdr-therapie.fr\/index.php\/wp-json\/wp\/v2\/types\/page"}],"author":[{"embeddable":true,"href":"https:\/\/www.emdr-therapie.fr\/index.php\/wp-json\/wp\/v2\/users\/4"}],"replies":[{"embeddable":true,"href":"https:\/\/www.emdr-therapie.fr\/index.php\/wp-json\/wp\/v2\/comments?post=100"}],"version-history":[{"count":51,"href":"https:\/\/www.emdr-therapie.fr\/index.php\/wp-json\/wp\/v2\/pages\/100\/revisions"}],"predecessor-version":[{"id":458,"href":"https:\/\/www.emdr-therapie.fr\/index.php\/wp-json\/wp\/v2\/pages\/100\/revisions\/458"}],"wp:attachment":[{"href":"https:\/\/www.emdr-therapie.fr\/index.php\/wp-json\/wp\/v2\/media?parent=100"}],"curies":[{"name":"wp","href":"https:\/\/api.w.org\/{rel}","templated":true}]}}